{"id":265002,"date":"2021-08-20T08:48:20","date_gmt":"2021-08-20T06:48:20","guid":{"rendered":"https:\/\/www.crmlabstandard.com\/informativa-privacy\/"},"modified":"2022-07-09T18:16:49","modified_gmt":"2022-07-09T16:16:49","slug":"informativa-privacy","status":"publish","type":"page","link":"https:\/\/www.crmlabstandard.com\/en\/privacy-policy\/","title":{"rendered":"Privacy Policy"},"content":{"rendered":"\t\t<div data-elementor-type=\"wp-page\" data-elementor-id=\"265002\" class=\"elementor elementor-265002 elementor-217\" data-elementor-settings=\"{&quot;element_pack_global_tooltip_width&quot;:{&quot;unit&quot;:&quot;px&quot;,&quot;size&quot;:&quot;&quot;,&quot;sizes&quot;:[]},&quot;element_pack_global_tooltip_width_tablet&quot;:{&quot;unit&quot;:&quot;px&quot;,&quot;size&quot;:&quot;&quot;,&quot;sizes&quot;:[]},&quot;element_pack_global_tooltip_width_mobile&quot;:{&quot;unit&quot;:&quot;px&quot;,&quot;size&quot;:&quot;&quot;,&quot;sizes&quot;:[]},&quot;element_pack_global_tooltip_padding&quot;:{&quot;unit&quot;:&quot;px&quot;,&quot;top&quot;:&quot;&quot;,&quot;right&quot;:&quot;&quot;,&quot;bottom&quot;:&quot;&quot;,&quot;left&quot;:&quot;&quot;,&quot;isLinked&quot;:true},&quot;element_pack_global_tooltip_padding_tablet&quot;:{&quot;unit&quot;:&quot;px&quot;,&quot;top&quot;:&quot;&quot;,&quot;right&quot;:&quot;&quot;,&quot;bottom&quot;:&quot;&quot;,&quot;left&quot;:&quot;&quot;,&quot;isLinked&quot;:true},&quot;element_pack_global_tooltip_padding_mobile&quot;:{&quot;unit&quot;:&quot;px&quot;,&quot;top&quot;:&quot;&quot;,&quot;right&quot;:&quot;&quot;,&quot;bottom&quot;:&quot;&quot;,&quot;left&quot;:&quot;&quot;,&quot;isLinked&quot;:true},&quot;element_pack_global_tooltip_border_radius&quot;:{&quot;unit&quot;:&quot;px&quot;,&quot;top&quot;:&quot;&quot;,&quot;right&quot;:&quot;&quot;,&quot;bottom&quot;:&quot;&quot;,&quot;left&quot;:&quot;&quot;,&quot;isLinked&quot;:true},&quot;element_pack_global_tooltip_border_radius_tablet&quot;:{&quot;unit&quot;:&quot;px&quot;,&quot;top&quot;:&quot;&quot;,&quot;right&quot;:&quot;&quot;,&quot;bottom&quot;:&quot;&quot;,&quot;left&quot;:&quot;&quot;,&quot;isLinked&quot;:true},&quot;element_pack_global_tooltip_border_radius_mobile&quot;:{&quot;unit&quot;:&quot;px&quot;,&quot;top&quot;:&quot;&quot;,&quot;right&quot;:&quot;&quot;,&quot;bottom&quot;:&quot;&quot;,&quot;left&quot;:&quot;&quot;,&quot;isLinked&quot;:true}}\" data-elementor-post-type=\"page\">\n\t\t\t\t\t\t<section class=\"elementor-section elementor-top-section elementor-element elementor-element-b3bc555 elementor-section-boxed elementor-section-height-default elementor-section-height-default\" data-id=\"b3bc555\" data-element_type=\"section\" data-e-type=\"section\">\n\t\t\t\t\t\t<div class=\"elementor-container elementor-column-gap-wider\">\n\t\t\t\t\t<div class=\"elementor-column elementor-col-100 elementor-top-column elementor-element elementor-element-b4b7865\" data-id=\"b4b7865\" data-element_type=\"column\" data-e-type=\"column\">\n\t\t\t<div class=\"elementor-widget-wrap elementor-element-populated\">\n\t\t\t\t\t\t<div class=\"elementor-element elementor-element-00d11e0 elementor-widget elementor-widget-heading\" data-id=\"00d11e0\" data-element_type=\"widget\" data-e-type=\"widget\" data-widget_type=\"heading.default\">\n\t\t\t\t\t<h2 class=\"elementor-heading-title elementor-size-default\">Informativa sulla Privacy<\/h2>\t\t\t\t<\/div>\n\t\t\t\t\t<\/div>\n\t\t<\/div>\n\t\t\t\t\t<\/div>\n\t\t<\/section>\n\t\t\t\t<section class=\"elementor-section elementor-top-section elementor-element elementor-element-f9aa12c elementor-section-boxed elementor-section-height-default elementor-section-height-default\" data-id=\"f9aa12c\" data-element_type=\"section\" data-e-type=\"section\">\n\t\t\t\t\t\t<div class=\"elementor-container elementor-column-gap-default\">\n\t\t\t\t\t<div class=\"elementor-column elementor-col-100 elementor-top-column elementor-element elementor-element-e65e790\" data-id=\"e65e790\" data-element_type=\"column\" data-e-type=\"column\">\n\t\t\t<div class=\"elementor-widget-wrap elementor-element-populated\">\n\t\t\t\t\t\t<div class=\"elementor-element elementor-element-df9fbd9 elementor-widget elementor-widget-text-editor\" data-id=\"df9fbd9\" data-element_type=\"widget\" data-e-type=\"widget\" data-widget_type=\"text-editor.default\">\n\t\t\t\t\t\t\t\t\t<p>Informativa a norma dell&#8217; Art.13 DLGS N.196 del 30.6.2003,\u00a0<em>Codice in materia di protezione dei dati personali\u00a0<\/em>e Art.13 GDPR 679\/2016,<br \/><em>Regolamento Europeo sulla protezione dei dati personali<\/em><\/p><p>In questa informativa si descrivono le modalit\u00e0 di gestione del sito in riferimento al trattamento dei dati personali degli utenti che lo consultano, nonch\u00e9 le pratiche di trattamento dei dati trasmessi dall&#8217;interessato al Titolare tramite il sito stesso.<br \/>Ai sensi e per gli effetti dell&#8217;articolo 13 del Regolamento (UE) n. 2016\/679 del Parlamento Europeo e del Consiglio del 27 aprile 2016 relativo al trattamento dei dati personali ed alla loro libera circolazione (Regolamento generale sulla protezione dei dati, di seguito anche, &#8220;Regolamento&#8221; o &#8220;GDPR&#8221;) e che abroga la Direttiva 95\/46\/CE, <strong>Lab.Instruments srl<\/strong> si impegna costantemente affinch\u00e9 il trattamento dei suoi dati personali, da Lei volontariamente messi a disposizione, sia sempre improntato ai principi di liceit\u00e0, correttezza, trasparenza, limitazione delle finalit\u00e0 e della conservazione, minimizzazione dei dati, esattezza, integrit\u00e0 e riservatezza.<\/p><p>Categorie di dati trattati<\/p><p>Durante la navigazione sul sito web, <a href=\"https:\/\/www.crmlabstandard.com\/\">https:\/\/www.crmlabstandard.com<\/a> \u00a0potrebbe acquisire informazioni sul visitatore nei seguenti modi:<\/p><ol><li><strong>dati di navigazione<\/strong>: alcuni dati personali acquisiti dai sistemi informatici e dalle procedure software preposte al funzionamento di questo sito web, nel corso della normale navigazione, la cui trasmissione \u00e8 implicita nell&#8217;uso dei protocolli di comunicazione di Internet.<br \/>In questa categoria di dati rientrano: gli indirizzi IP, il tipo di browser utilizzato, il sistema operativo, il nome di dominio e gli indirizzi di siti web che rimandano al nostro sito, le informazioni sulle pagine visitate dagli utenti all&#8217;interno del sito, l&#8217;orario d&#8217;accesso, la permanenza sulla singola pagina, l&#8217;analisi di percorso interno ed altri parametri relativi al sistema operativo, al browser utilizzato e all&#8217;ambiente informatico dell&#8217;utente;<\/li><li><strong>altre categorie di dati<\/strong>: tutti quei dati personali\u00a0forniti dall&#8217;utente attraverso il sito, ad esempio, registrandosi e o accedendo ad una area riservata, utilizzando un servizio, partecipando ad attivit\u00e0 o iniziative promosse, lanciate, organizzate e o pubblicizzate da <a href=\"https:\/\/www.crmlabstandard.com\/\">https:\/\/www.crmlabstandard.com<\/a> da solo o in partnership con soggetti terzi, scrivendo ad un indirizzo di posta elettronica di <a href=\"https:\/\/www.crmlabstandard.com\/\">https:\/\/www.crmlabstandard.com<\/a> per richiedere informazioni oppure telefonando ad uno dei nostri numeri di contatto o utilizzando altri sistemi di collegamento per avere un contatto diretto con il servizio clienti. Potranno essere quindi raccolti, a titolo esemplificativo e non esaustivo, dati come:<br \/>nome, cognome, ragione sociale, Partita Iva, codice fiscale, indirizzo, numero civico, citt\u00e0, codice postale, provincia, nazione, data di nascita, indirizzo e-mail, numero di telefono fisso e o mobile, un numero di identificazione, un identificativo online, di seguito definiti &#8220;<strong>Dati Personali<\/strong>&#8220;.<\/li><\/ol><p>Finalit\u00e0 del trattamento e base giuridica<\/p><p>Il trattamento dei dati personali da Lei messi a disposizione di Lab.Instruments srl, attraverso registrazioni su <a href=\"https:\/\/www.crmlabstandard.com\/\">https:\/\/www.crmlabstandard.com<\/a>, \u00a0ha le seguenti finalit\u00e0:<\/p><ol><li>Invio di comunicazioni informative e commerciali, anche di natura promozionale incluso l&#8217;invio della nostra newsletter, di materiale pubblicitario e o di offerte di beni e di servizi, con qualsiasi mezzo ivi compreso, a titolo esemplificativo e non esaustivo, posta, Internet, telefono, E-mail, MMS, SMS da parte di Lab.Instruments srl nonch\u00e9 da parte di entit\u00e0 fisiche o giuridiche legate contrattualmente ad <a href=\"https:\/\/www.crmlabstandard.com\/\">\u00a0Lab.Instruments srl<\/a> che inviano comunicazioni per nome e conto di Lab.Instruments srl , \u00a0in seguito ad un Suo eventuale e specifico consenso;<\/li><li>consentire e gestire la Sua adesione per iscrizione ad offerte, promozioni, concorsi, corsi di formazione ed eventi;<\/li><li>consentire di usufruire dei prodotti e o dei servizi, nonch\u00e9 dello svolgimento delle attivit\u00e0 a Lei riservate in virt\u00f9 dell&#8217;adesione alle offerte, promozioni, concorsi, eventi;<\/li><li>per finalit\u00e0 amministrativo-contabili e per l&#8217;adempimento di obblighi previsti dalla normativa vigente.<\/li><\/ol><p>Le basi giuridiche delle finalit\u00e0 precedentemente descritte sono l&#8217;esecuzione di una Sua richiesta quale interessato e dei consensi da Lei espressi.<\/p><p>Obbligo di comunicazione<\/p><p>Le ricordiamo che, con riferimento alle finalit\u00e0 evidenziate ai punti\u00a0<strong>b), c)\u00a0<\/strong>e\u00a0<strong>d)\u00a0<\/strong>della sezione precedente, il conferimento dei Suoi dati personali \u00e8 obbligatorio. Un Suo eventuale rifiuto e o il conferimento di informazioni inesatte e\/o incomplete impedirebbe:<\/p><ol><li>in rifermento alla finalit\u00e0 di cui al punto\u00a0<strong>b)<\/strong>: la Sua adesione iscrizione a offerte, promozioni, concorsi, corsi di formazione ed eventi;<\/li><li>in rifermento alla finalit\u00e0 di cui al punto\u00a0<strong>c)<\/strong>: usufruire dei prodotti e o dei servizi, nonch\u00e9 dello svolgimento delle attivit\u00e0 a Lei riservate in virt\u00f9 delle adesioni e iscrizioni a offerte, promozioni, concorsi, corsi di formazione ed eventi;<\/li><li>in rifermento alla finalit\u00e0 di cui al punto\u00a0<strong>d)<\/strong>: per Lab.Instruments srl l&#8217;esecuzione delle attivit\u00e0 di natura amministrativo &#8211; contabile e all&#8217;adempimento di obblighi normativi.<\/li><\/ol><p>Con riferimento alle ulteriori finalit\u00e0 evidenziate al punto\u00a0<strong>a)\u00a0<\/strong>il conferimento dei Suoi dati personali, ed il consenso al trattamento degli stessi per le suddette finalit\u00e0, \u00e8 facoltativo. Tuttavia, un Suo eventuale rifiuto a fornire i Suoi dati e o il consenso per i trattamenti relativi alle suddette finalit\u00e0 e o il conferimento di informazioni inesatte e o incomplete potrebbe impedire, in rifermento alla finalit\u00e0 di cui al punto\u00a0<strong>a)<\/strong>: l&#8217;invio di comunicazioni promozionali da parte di Lab.Instruments srl.<\/p><p>Modalit\u00e0 del trattamento<\/p><p>Il trattamento dei Suoi dati personali verr\u00e0 effettuato mediante idonei strumenti cartacei, elettronici (DB, piattaforme di CRM, ecc.) e o telematici, per il tempo strettamente necessario e con logiche strettamente correlate alle finalit\u00e0 di cui sopra e, comunque, in modo tale da garantire la sicurezza e riservatezza dei dati stessi. Specifiche misure di sicurezza sono osservate per prevenire la perdita dei dati, usi illeciti o non corretti ed accessi non autorizzati.<\/p><p>Destinatari o categorie di destinatari dei dati personali<\/p><p>I Dati Personali raccolti potranno essere condivisi, per le finalit\u00e0 di cui alla sezione 2 pi\u00f9 sopra, con il Responsabile della protezione dei dati se nominato o altro organo amministrativo e, comunque, i Responsabili designati da <a href=\"https:\/\/www.crmlabstandard.com\/\">https:\/\/www.crmlabstandard.com<\/a> e gli incaricati del trattamento dei dati personali nominati da Lab.Instruments srl nell&#8217;esercizio delle loro funzioni.<br \/>I Suoi dati personali potranno essere comunicati ad eventuali soggetti qualificati che forniscano a <a href=\"https:\/\/www.crmlabstandard.com\/\">https:\/\/www.crmlabstandard.com<\/a> prestazioni o servizi strumentali alle finalit\u00e0 indicate nel precedente paragrafo 2 quali, a mero titolo esemplificativo, societ\u00e0 si servizi, fornitori, appaltatori, subappaltatori, istituti bancari e o assicurativi ovvero altri soggetti e\/o enti che provvedano per conto di <a href=\"https:\/\/www.crmlabstandard.com\/\">https:\/\/www.crmlabstandard.com<\/a> :<\/p><ol><li>alla gestione e o alla manutenzione dei siti internet e degli strumenti elettronici e o telematici utilizzati da <a href=\"https:\/\/www.crmlabstandard.com\/\">https:\/\/www.crmlabstandard.com<\/a>;<\/li><li>attivit\u00e0 di assistenza e consulenza in materia di marketing e comunicazione;<\/li><li>alla gestione dell&#8217;adesione iscrizione alle offerte, promozioni, concorsi, corsi di formazione ed eventi, come da par. 2 punto b;<\/li><li>all&#8217;invio di comunicazioni informative e promozionali, anche di natura commerciale, di materiale pubblicitario e\/o di offerte di beni e servizi.<\/li><\/ol><p>I Suoi Dati Personali saranno trattati dal Titolare del Trattamento e o dai Contitolari del Trattamento all&#8217;interno del territorio dell&#8217;Unione Europea.<br \/>Qualora per questioni di natura tecnica e o operativa (ivi inclusi servizi in cloud) si renda necessario avvalersi di soggetti ubicati al di fuori dell&#8217;Unione Europea, La informiamo sin d&#8217;ora che tali soggetti saranno nominati Responsabili del Trattamento ai sensi e per gli effetti di cui all&#8217;articolo 28 del Regolamento ed il trasferimento dei Suoi Dati Personali a tali soggetti, limitatamente allo svolgimento di specifiche attivit\u00e0 di Trattamento, sar\u00e0 regolato in conformit\u00e0 a quanto previsto dal capo V del Regolamento. Saranno quindi adottate tutte le cautele necessarie al fine di garantire la pi\u00f9 totale protezione dei Suoi Dati Personali basando tale trasferimento:<\/p><p><strong>(a)<\/strong>\u00a0 su decisioni di adeguatezza dei paesi terzi destinatari espresse dalla Commissione Europea;<\/p><p><strong>(b)<\/strong>\u00a0 su garanzie adeguate espresse dal soggetto terzo destinatario ai sensi dell&#8217;articolo 46 del Regolamento;<\/p><p><strong>(c)\u00a0 <\/strong>sull&#8217;adozione di norme vincolanti d&#8217;impresa.<\/p><p>Sar\u00e0 possibile avere maggiori informazioni su richiesta, presso il Titolare ai contatti indicati.<\/p><p>Durata del trattamento e criteri utilizzati per la conservazione dei dati<\/p><p>I dati saranno trattati solo per il tempo necessario per le finalit\u00e0 sopra menzionate nel rispetto dei principi di minimizzazione e limitazione della conservazione ex art. 5.1.\u00a0<strong>e) <\/strong>del Regolamento.<br \/>I dati trattati per la finalit\u00e0\u00a0<strong>a)\u00a0<\/strong>saranno conservati nel rispetto dei termini prescritti dalla legge per la tipologia di attivit\u00e0 o fino alla revoca del consenso o fino all&#8217;esercizio del diritto di opposizione come previsto dall&#8217;art. 21 Reg. UE 2016\/679<br \/>I dati trattati per le finalit\u00e0\u00a0<strong>b), c), d)\u00a0<\/strong>conservati per tutto il tempo in cui Lei aderir\u00e0 ai medesimi programmi e per un periodo di 3 anni successivo alla interruzione del rapporto, salvo sorga l&#8217;esigenza di una ulteriore conservazione, per consentire a <a href=\"https:\/\/www.crmlabstandard.com\/\">https:\/\/www.crmlabstandard.com<\/a> la difesa dei propri diritti e o ottemperare ad obblighi normativi, amministrativi e fiscali.<\/p><p>Diritti dell&#8217;interessato<\/p><p>La informiamo che in qualunque momento relativamente ai Suoi dati, Lei potr\u00e0 esercitare i diritti previsti nei limiti ed alle condizioni previste dagli articoli 7 e 15-22 del Regolamento.<\/p><ol><li>ottenere la conferma dell&#8217;esistenza o meno di dati personali che La riguardano, anche se non ancora registrati, e la loro comunicazione in forma intelligibile;<\/li><li>ottenere l&#8217;indicazione:\u00a0<strong>a)\u00a0<\/strong>dell&#8217;origine dei dati personali;\u00a0<strong>b)\u00a0<\/strong>delle finalit\u00e0 e modalit\u00e0 del trattamento;\u00a0<strong>c)\u00a0<\/strong>della logica applicata in caso di trattamento effettuato con l&#8217;ausilio di strumenti elettronici;\u00a0<strong>d)\u00a0<\/strong>degli estremi identificativi del Titolare, dei responsabili e del rappresentante eventualmente designato ai sensi dell&#8217;Art. 3.1, RGPD;\u00a0<strong>e)\u00a0<\/strong>dei soggetti o delle categorie di soggetti ai quali i dati personali possono essere comunicati o che possono venirne a conoscenza in qualit\u00e0 di rappresentante designato nel territorio dello Stato, di responsabili o incaricati;<\/li><li>ottenere:\u00a0<strong>a)\u00a0<\/strong>l&#8217;aggiornamento, la rettificazione ovvero, quando vi ha interesse, l&#8217;integrazione dei dati;\u00a0<strong>b)\u00a0<\/strong>la cancellazione, la trasformazione in forma anonima o il blocco dei dati trattati in violazione di legge, compresi quelli di cui non \u00e8 necessaria la conservazione in relazione agli scopi per i quali i dati sono stati raccolti o successivamente trattati;\u00a0<strong>c)\u00a0<\/strong>l&#8217;attestazione che le operazioni di cui alle lettere\u00a0<strong>a)\u00a0<\/strong>e\u00a0<strong>b)\u00a0<\/strong>sono state portate a conoscenza, anche per quanto riguarda il loro contenuto, di coloro ai quali i dati sono stati comunicati o diffusi, eccettuato il caso in cui tale adempimento si rivela impossibile o comporta un impiego di mezzi manifestamente sproporzionato rispetto al diritto tutelato;<\/li><li>opporsi, in tutto o in parte:\u00a0<strong>a)\u00a0<\/strong>per motivi legittimi al trattamento dei dati personali che La riguardano, ancorch\u00e9 pertinenti allo scopo della raccolta;\u00a0<strong>b)\u00a0<\/strong>al trattamento di dati personali che La riguardano a fini di invio di materiale pubblicitario o di vendita diretta o per il compimento di ricerche di mercato o di comunicazione commerciale, mediante l&#8217;uso di sistemi automatizzati di chiamata senza l&#8217;intervento di un operatore mediante e-mail.<\/li><\/ol><p>Inoltre possiede i diritti di cui agli Art. 16-21 RGPD (Diritto di rettifica, diritto all&#8217;oblio, diritto di limitazione di trattamento, diritto alla portabilit\u00e0 dei dati, diritto di opposizione), nonch\u00e9 il diritto di reclamo all&#8217;Autorit\u00e0 Garante per la protezione dei dati personali, qualora ritenga che i Suoi diritti siano stati lesi.<br \/>L&#8217;interessato ha il diritto di revocare il consenso precedentemente prestato, senza pregiudicare la liceit\u00e0 del trattamento basato sul consenso prima della revoca.<br \/>Per l&#8217;esercizio di tali diritti La preghiamo di contattare via posta elettronica il Titolare tramite\u00a0email a: <a href=\"mailto:info@labinstruments.it\">info@labinstruments.it<\/a><u> o <\/u><a href=\"mailto:info@crmlabstandard.com\">info@crmlabstandard.com<\/a><u> oppure una PEC a <\/u><a href=\"mailto:labinstruments@pec.it\">labinstruments@pec.it<\/a><u>. <\/u><\/p><p>A tale richiesta sar\u00e0 fornito idoneo riscontro nei tempi previsti dal GDPR.<\/p><p>Navigazione sito web<\/p><p>Redirect verso siti esterni<\/p><p>Il sito web pu\u00f2 utilizzare i cosiddetti social plug-in, speciali strumenti che permettono di incorporare le funzionalit\u00e0 dei social network, come la funzione &#8220;mi piace&#8221; di Facebook, direttamente all&#8217;interno del sito web.<br \/>Tutti i social plug-in presenti nel sito sono contrassegnati dal rispettivo logo di propriet\u00e0 della piattaforma di social network (ad es. Facebook, Google, Twitter, Linkedin).<br \/>Quando si visita una pagina del nostro sito e si interagisce con il plug-in (ad es. cliccando il pulsante &#8220;Mi piace&#8221;) o si decide di lasciare un commento, le corrispondenti informazioni vengono trasmesse dal browser direttamente alla piattaforma di social network e da questo memorizzate.<br \/>Per informazioni sulle finalit\u00e0, il tipo e le modalit\u00e0 di raccolta, elaborazione, utilizzo e conservazione dei dati personali da parte della piattaforma di social network, nonch\u00e9 per le modalit\u00e0 attraverso cui esercitare i propri diritti, si prega di consultare la politica privacy adottata dal singolo social network.<\/p><p>Collegamento verso\/da siti terzi<\/p><p>Da questo sito web \u00e8 possibile collegarsi, mediante appositi link, verso altri siti web ovvero \u00e8 possibile da siti web di terzi connettersi al nostro sito web.<br \/>Il Titolare declina qualsiasi responsabilit\u00e0 in merito all&#8217;eventuale richiesta e o rilascio di dati personali a siti terzi e in ordine alla gestione delle credenziali di autenticazione fornite da soggetti terzi.<\/p>\t\t\t\t\t\t\t\t<\/div>\n\t\t\t\t\t<\/div>\n\t\t<\/div>\n\t\t\t\t\t<\/div>\n\t\t<\/section>\n\t\t\t\t<section class=\"elementor-section elementor-top-section elementor-element elementor-element-ec11a74 elementor-section-boxed elementor-section-height-default elementor-section-height-default\" data-id=\"ec11a74\" data-element_type=\"section\" data-e-type=\"section\">\n\t\t\t\t\t\t<div class=\"elementor-container elementor-column-gap-default\">\n\t\t\t\t\t<div class=\"elementor-column elementor-col-100 elementor-top-column elementor-element elementor-element-00971d2\" data-id=\"00971d2\" data-element_type=\"column\" data-e-type=\"column\">\n\t\t\t<div class=\"elementor-widget-wrap elementor-element-populated\">\n\t\t\t\t\t\t<div class=\"elementor-element elementor-element-d578547 elementor-widget elementor-widget-spacer\" data-id=\"d578547\" data-element_type=\"widget\" data-e-type=\"widget\" data-widget_type=\"spacer.default\">\n\t\t\t\t\t\t\t<div class=\"elementor-spacer\">\n\t\t\t<div class=\"elementor-spacer-inner\"><\/div>\n\t\t<\/div>\n\t\t\t\t\t\t<\/div>\n\t\t\t\t\t<\/div>\n\t\t<\/div>\n\t\t\t\t\t<\/div>\n\t\t<\/section>\n\t\t\t\t<\/div>\n\t\t","protected":false},"excerpt":{"rendered":"<p>Informativa sulla Privacy Informativa a norma dell&#8217; Art.13 DLGS N.196 del 30.6.2003,\u00a0Codice in materia di protezione dei dati personali\u00a0e Art.13 GDPR 679\/2016, Regolamento Europeo sulla protezione dei dati personali In questa informativa si descrivono le modalit\u00e0 di gestione del sito in riferimento al trattamento dei dati personali degli utenti che lo consultano, nonch\u00e9 le pratiche &#8230; <a title=\"Privacy Policy\" class=\"read-more\" href=\"https:\/\/www.crmlabstandard.com\/en\/privacy-policy\/\" aria-label=\"Read more about Privacy Policy\">Read more<\/a><\/p>\n","protected":false},"author":1,"featured_media":0,"parent":0,"menu_order":0,"comment_status":"closed","ping_status":"closed","template":"elementor_header_footer","meta":{"_acf_changed":false,"footnotes":""},"class_list":["post-265002","page","type-page","status-publish"],"acf":[],"_links":{"self":[{"href":"https:\/\/www.crmlabstandard.com\/en\/wp-json\/wp\/v2\/pages\/265002","targetHints":{"allow":["GET"]}}],"collection":[{"href":"https:\/\/www.crmlabstandard.com\/en\/wp-json\/wp\/v2\/pages"}],"about":[{"href":"https:\/\/www.crmlabstandard.com\/en\/wp-json\/wp\/v2\/types\/page"}],"author":[{"embeddable":true,"href":"https:\/\/www.crmlabstandard.com\/en\/wp-json\/wp\/v2\/users\/1"}],"replies":[{"embeddable":true,"href":"https:\/\/www.crmlabstandard.com\/en\/wp-json\/wp\/v2\/comments?post=265002"}],"version-history":[{"count":0,"href":"https:\/\/www.crmlabstandard.com\/en\/wp-json\/wp\/v2\/pages\/265002\/revisions"}],"wp:attachment":[{"href":"https:\/\/www.crmlabstandard.com\/en\/wp-json\/wp\/v2\/media?parent=265002"}],"curies":[{"name":"wp","href":"https:\/\/api.w.org\/{rel}","templated":true}]}}